{"id":1421,"date":"2024-03-19T10:44:50","date_gmt":"2024-03-19T09:44:50","guid":{"rendered":"https:\/\/www.ekla.it\/produkt\/outdoor-ofen-deluxe-rost\/"},"modified":"2024-12-16T11:16:56","modified_gmt":"2024-12-16T10:16:56","slug":"outdoor-ofen-deluxe-rost","status":"publish","type":"product","link":"https:\/\/www.ekla.it\/de\/produkt\/outdoor-ofen-deluxe-rost\/","title":{"rendered":"Outdoor-Ofen Deluxe Rost"},"content":{"rendered":"<p>W\u00e4rmespender; verbringen Sie nun gemeinsam mit Familie und Freunden lange &amp; gem\u00fctliche Abende im eigenen Garten. Der Ofen ist ready f\u00fcr einen gem\u00fctlichen Fondue-Plausch. Mit der passenden Pfanne k\u00f6nnen auch Sachen wie Tee, Gl\u00fchwein, Kaffee oder Suppen zubereitet werden. Der Ofen wird mit Brennholz angefeuert und strahlt angenehme W\u00e4rme aus. Eine komfortable Arbeitsh\u00f6he und ein passender Grillrost zum direkt grillieren runden den Lieferumfang ab. Der Outdoor- und Fondue-Ofen bedarf keiner speziellen Nachbehandlung.<\/p>\n","protected":false},"excerpt":{"rendered":"<p>&#8211; Inkl. 10 l Edehlstahlpfanne mit Deckel<br \/>\n&#8211; Inkl. Edelstahl Grillrost<br \/>\n&#8211; Ein Highlight zu jeder Jahreszeit<br \/>\n&#8211; Material: Cortenstahl<br \/>\n&#8211; Aufbauma\u00dfe: 85 x 62 x h 165 cm<\/p>\n","protected":false},"featured_media":1403,"template":"","meta":[],"product_brand":[],"product_cat":[56],"product_tag":[],"class_list":{"0":"post-1421","1":"product","2":"type-product","3":"status-publish","4":"has-post-thumbnail","6":"product_cat-outdoor-ofen","8":"first","9":"instock","10":"taxable","11":"shipping-taxable","12":"purchasable","13":"product-type-simple"},"_links":{"self":[{"href":"https:\/\/www.ekla.it\/de\/wp-json\/wp\/v2\/product\/1421","targetHints":{"allow":["GET"]}}],"collection":[{"href":"https:\/\/www.ekla.it\/de\/wp-json\/wp\/v2\/product"}],"about":[{"href":"https:\/\/www.ekla.it\/de\/wp-json\/wp\/v2\/types\/product"}],"wp:featuredmedia":[{"embeddable":true,"href":"https:\/\/www.ekla.it\/de\/wp-json\/wp\/v2\/media\/1403"}],"wp:attachment":[{"href":"https:\/\/www.ekla.it\/de\/wp-json\/wp\/v2\/media?parent=1421"}],"wp:term":[{"taxonomy":"product_brand","embeddable":true,"href":"https:\/\/www.ekla.it\/de\/wp-json\/wp\/v2\/product_brand?post=1421"},{"taxonomy":"product_cat","embeddable":true,"href":"https:\/\/www.ekla.it\/de\/wp-json\/wp\/v2\/product_cat?post=1421"},{"taxonomy":"product_tag","embeddable":true,"href":"https:\/\/www.ekla.it\/de\/wp-json\/wp\/v2\/product_tag?post=1421"}],"curies":[{"name":"wp","href":"https:\/\/api.w.org\/{rel}","templated":true}]}}