{"id":1418,"date":"2024-03-19T10:20:51","date_gmt":"2024-03-19T09:20:51","guid":{"rendered":"https:\/\/www.ekla.it\/produkt\/metalldeckel-abdeckplatte-o-100-cm\/"},"modified":"2024-12-16T12:27:58","modified_gmt":"2024-12-16T11:27:58","slug":"metalldeckel-abdeckplatte-o-100-cm","status":"publish","type":"product","link":"https:\/\/www.ekla.it\/de\/produkt\/metalldeckel-abdeckplatte-o-100-cm\/","title":{"rendered":"Metalldeckel \/ Abdeckplatte \u00d8 100 cm"},"content":{"rendered":"<p>Der Metalldeckel \u00d8100 cm ist die perfekte Erg\u00e4nzung f\u00fcr Ihre Feuerschale im Freien. Dieser Metalldeckel dient als Schutzschild, der Ihre Feuerschale vor Regen und schlechtem Wetter bewahrt. Aber er ist nicht nur funktional \u2013 der Metalldeckel kann auch als Ablagefl\u00e4che genutzt werden und bietet Ihnen so zus\u00e4tzlichen Platz zum Abstellen von Getr\u00e4nken oder Tellern. Egal, ob Sie ihn zum Schutz Ihrer Feuerschale oder als zus\u00e4tzliche Ablagefl\u00e4che verwenden, der Metalldeckel \u00d8100 cm ist ein Must-Have f\u00fcr jeden Feuerschalen Besitzer. Der Metalldeckel ist mit robustem Metall gefertigt und daher langlebig.<\/p>\n","protected":false},"excerpt":{"rendered":"<p>&#8211; Wetterfestebeschichtung<br \/>\n&#8211; Stabil<br \/>\n&#8211; Hergestellt in Europa<br \/>\n&#8211; verschiedenen Funktionalit\u00e4ten (Apero-Tisch, Abstell-Tisch)<br \/>\n&#8211; Ma\u00dfe: \u00d8 100 cm<\/p>\n","protected":false},"featured_media":1376,"template":"","meta":[],"product_brand":[],"product_cat":[55],"product_tag":[],"class_list":{"0":"post-1418","1":"product","2":"type-product","3":"status-publish","4":"has-post-thumbnail","6":"product_cat-feuerstellen","8":"first","9":"instock","10":"taxable","11":"shipping-taxable","12":"purchasable","13":"product-type-simple"},"_links":{"self":[{"href":"https:\/\/www.ekla.it\/de\/wp-json\/wp\/v2\/product\/1418","targetHints":{"allow":["GET"]}}],"collection":[{"href":"https:\/\/www.ekla.it\/de\/wp-json\/wp\/v2\/product"}],"about":[{"href":"https:\/\/www.ekla.it\/de\/wp-json\/wp\/v2\/types\/product"}],"wp:featuredmedia":[{"embeddable":true,"href":"https:\/\/www.ekla.it\/de\/wp-json\/wp\/v2\/media\/1376"}],"wp:attachment":[{"href":"https:\/\/www.ekla.it\/de\/wp-json\/wp\/v2\/media?parent=1418"}],"wp:term":[{"taxonomy":"product_brand","embeddable":true,"href":"https:\/\/www.ekla.it\/de\/wp-json\/wp\/v2\/product_brand?post=1418"},{"taxonomy":"product_cat","embeddable":true,"href":"https:\/\/www.ekla.it\/de\/wp-json\/wp\/v2\/product_cat?post=1418"},{"taxonomy":"product_tag","embeddable":true,"href":"https:\/\/www.ekla.it\/de\/wp-json\/wp\/v2\/product_tag?post=1418"}],"curies":[{"name":"wp","href":"https:\/\/api.w.org\/{rel}","templated":true}]}}