{"id":1416,"date":"2024-03-19T10:10:46","date_gmt":"2024-03-19T09:10:46","guid":{"rendered":"https:\/\/www.ekla.it\/produkt\/grillarm-schwenkbar\/"},"modified":"2024-12-16T12:26:15","modified_gmt":"2024-12-16T11:26:15","slug":"grillarm-schwenkbar","status":"publish","type":"product","link":"https:\/\/www.ekla.it\/de\/produkt\/grillarm-schwenkbar\/","title":{"rendered":"Grillarm schwenkbar"},"content":{"rendered":"<p>H\u00f6henverstellbarer Grillarm mit Schwenkvorrichtung f\u00fcr maximal Flexibilit\u00e4t beim Grillen \u2013 passt auf alle Gartenfeuer von Feu du Jardin\u00ae<\/p>\n","protected":false},"excerpt":{"rendered":"<p>&#8211; Edelstahl<\/p>\n","protected":false},"featured_media":1353,"template":"","meta":[],"product_brand":[],"product_cat":[55],"product_tag":[],"class_list":{"0":"post-1416","1":"product","2":"type-product","3":"status-publish","4":"has-post-thumbnail","6":"product_cat-feuerstellen","8":"first","9":"instock","10":"taxable","11":"shipping-taxable","12":"purchasable","13":"product-type-simple"},"_links":{"self":[{"href":"https:\/\/www.ekla.it\/de\/wp-json\/wp\/v2\/product\/1416","targetHints":{"allow":["GET"]}}],"collection":[{"href":"https:\/\/www.ekla.it\/de\/wp-json\/wp\/v2\/product"}],"about":[{"href":"https:\/\/www.ekla.it\/de\/wp-json\/wp\/v2\/types\/product"}],"wp:featuredmedia":[{"embeddable":true,"href":"https:\/\/www.ekla.it\/de\/wp-json\/wp\/v2\/media\/1353"}],"wp:attachment":[{"href":"https:\/\/www.ekla.it\/de\/wp-json\/wp\/v2\/media?parent=1416"}],"wp:term":[{"taxonomy":"product_brand","embeddable":true,"href":"https:\/\/www.ekla.it\/de\/wp-json\/wp\/v2\/product_brand?post=1416"},{"taxonomy":"product_cat","embeddable":true,"href":"https:\/\/www.ekla.it\/de\/wp-json\/wp\/v2\/product_cat?post=1416"},{"taxonomy":"product_tag","embeddable":true,"href":"https:\/\/www.ekla.it\/de\/wp-json\/wp\/v2\/product_tag?post=1416"}],"curies":[{"name":"wp","href":"https:\/\/api.w.org\/{rel}","templated":true}]}}