{"id":1415,"date":"2024-03-19T10:03:57","date_gmt":"2024-03-19T09:03:57","guid":{"rendered":"https:\/\/www.ekla.it\/produkt\/feuerstelle-cube-1000-schwarz\/"},"modified":"2024-12-16T12:25:29","modified_gmt":"2024-12-16T11:25:29","slug":"feuerstelle-cube-1000-schwarz","status":"publish","type":"product","link":"https:\/\/www.ekla.it\/de\/produkt\/feuerstelle-cube-1000-schwarz\/","title":{"rendered":"Feuerstelle CUBE 1000 Schwarz"},"content":{"rendered":"<p>Diese Feuerstelle hat Ecken und Kanten. CUBE \u00fcberzeugt aber nicht nur mit charaktervollem Design. Die praktische Arbeitsh\u00f6he macht das Grillieren noch bequemer. Und wenn auf der grossen Edelstahlfl\u00e4che nicht gerade feine Grilladen brutzeln, macht sich der CUBE auch als Stehtisch gut. Ausserdem bleibt der Brennholzvorrat unter dem Aschenfang trocken.<\/p>\n","protected":false},"excerpt":{"rendered":"<p>&#8211; Mit 4-teiliger Grillplatte aus Edelstahl 5 mm<br \/>\n&#8211; Materialst\u00e4rke: 3 mm<br \/>\n&#8211; gro\u00dfer Aschebeh\u00e4lter f\u00fcr einfachere Reinigung<br \/>\n&#8211; Holzablage unter dem Feuerkorb<br \/>\n&#8211; inkl. Schwenkrost Edelstahl \u00d8 38 cm und Abdeckung<\/p>\n","protected":false},"featured_media":1344,"template":"","meta":[],"product_brand":[],"product_cat":[55],"product_tag":[],"class_list":{"0":"post-1415","1":"product","2":"type-product","3":"status-publish","4":"has-post-thumbnail","6":"product_cat-feuerstellen","8":"first","9":"instock","10":"taxable","11":"shipping-taxable","12":"purchasable","13":"product-type-simple"},"_links":{"self":[{"href":"https:\/\/www.ekla.it\/de\/wp-json\/wp\/v2\/product\/1415","targetHints":{"allow":["GET"]}}],"collection":[{"href":"https:\/\/www.ekla.it\/de\/wp-json\/wp\/v2\/product"}],"about":[{"href":"https:\/\/www.ekla.it\/de\/wp-json\/wp\/v2\/types\/product"}],"wp:featuredmedia":[{"embeddable":true,"href":"https:\/\/www.ekla.it\/de\/wp-json\/wp\/v2\/media\/1344"}],"wp:attachment":[{"href":"https:\/\/www.ekla.it\/de\/wp-json\/wp\/v2\/media?parent=1415"}],"wp:term":[{"taxonomy":"product_brand","embeddable":true,"href":"https:\/\/www.ekla.it\/de\/wp-json\/wp\/v2\/product_brand?post=1415"},{"taxonomy":"product_cat","embeddable":true,"href":"https:\/\/www.ekla.it\/de\/wp-json\/wp\/v2\/product_cat?post=1415"},{"taxonomy":"product_tag","embeddable":true,"href":"https:\/\/www.ekla.it\/de\/wp-json\/wp\/v2\/product_tag?post=1415"}],"curies":[{"name":"wp","href":"https:\/\/api.w.org\/{rel}","templated":true}]}}