{"id":1414,"date":"2024-03-19T09:59:30","date_gmt":"2024-03-19T08:59:30","guid":{"rendered":"https:\/\/www.ekla.it\/produkt\/feuerstelle-topup-rost\/"},"modified":"2024-12-16T12:24:43","modified_gmt":"2024-12-16T11:24:43","slug":"feuerstelle-topup-rost","status":"publish","type":"product","link":"https:\/\/www.ekla.it\/de\/produkt\/feuerstelle-topup-rost\/","title":{"rendered":"Feuerstelle TopUP Rost"},"content":{"rendered":"<p>TopUP; Ein Blickfang f\u00fcr jeden Garten. Hochwertiges Gartenfeuer im trendigen Vintage Rost-Optik mit Edelstahlplatte ideal f\u00fcr vielf\u00e4lltige Grilladen. Schlichtes Untergestell mit Holzlagerung und stabilen Seitenw\u00e4nden passt perfekt in das h\u00e4usliche Outdoor-Ambiente. Geniesse gem\u00fctliche Sommerabende mit Freunden, Familie und \u00fcberrasche mit einem einzigartigen BBQ Erlebnis.<\/p>\n","protected":false},"excerpt":{"rendered":"<p>&#8211; Angenehme Grill- und Arbeitsh\u00f6he<br \/>\n&#8211; Elegante Rost-Optik<br \/>\n&#8211; Edelstahlplatte zum grillieren<br \/>\n&#8211; Untergestell mit praktischem Holzlager<br \/>\n&#8211; Optional Grillrost und Schwenkarm<br \/>\n&#8211; Aufbauma\u00dfe: 78 x 78 x h 80 cm<\/p>\n","protected":false},"featured_media":1335,"template":"","meta":[],"product_brand":[],"product_cat":[55],"product_tag":[],"class_list":{"0":"post-1414","1":"product","2":"type-product","3":"status-publish","4":"has-post-thumbnail","6":"product_cat-feuerstellen","8":"first","9":"instock","10":"taxable","11":"shipping-taxable","12":"purchasable","13":"product-type-simple"},"_links":{"self":[{"href":"https:\/\/www.ekla.it\/de\/wp-json\/wp\/v2\/product\/1414","targetHints":{"allow":["GET"]}}],"collection":[{"href":"https:\/\/www.ekla.it\/de\/wp-json\/wp\/v2\/product"}],"about":[{"href":"https:\/\/www.ekla.it\/de\/wp-json\/wp\/v2\/types\/product"}],"wp:featuredmedia":[{"embeddable":true,"href":"https:\/\/www.ekla.it\/de\/wp-json\/wp\/v2\/media\/1335"}],"wp:attachment":[{"href":"https:\/\/www.ekla.it\/de\/wp-json\/wp\/v2\/media?parent=1414"}],"wp:term":[{"taxonomy":"product_brand","embeddable":true,"href":"https:\/\/www.ekla.it\/de\/wp-json\/wp\/v2\/product_brand?post=1414"},{"taxonomy":"product_cat","embeddable":true,"href":"https:\/\/www.ekla.it\/de\/wp-json\/wp\/v2\/product_cat?post=1414"},{"taxonomy":"product_tag","embeddable":true,"href":"https:\/\/www.ekla.it\/de\/wp-json\/wp\/v2\/product_tag?post=1414"}],"curies":[{"name":"wp","href":"https:\/\/api.w.org\/{rel}","templated":true}]}}