{"id":1413,"date":"2024-03-19T09:52:21","date_gmt":"2024-03-19T08:52:21","guid":{"rendered":"https:\/\/www.ekla.it\/produkt\/feuerstelle-tria-schwarz\/"},"modified":"2024-12-16T12:23:59","modified_gmt":"2024-12-16T11:23:59","slug":"feuerstelle-tria-schwarz","status":"publish","type":"product","link":"https:\/\/www.ekla.it\/de\/produkt\/feuerstelle-tria-schwarz\/","title":{"rendered":"Feuerstelle TRIA Schwarz"},"content":{"rendered":"<p>Tria; Eine Feuerschale der Extraklasse \u2013 \u00fcberzeugt durch Minimalismus und zur\u00fcckhaltende Eleganz. Der Name verr\u00e4t die einzigartige Feuer\u00f6ffnungsform \u2013 ein innovatives 3-Platten-Design mit segelf\u00f6rmigen Edelstahlplatten. Was auf den ersten Blick wie ein dekoratives Designmerkmal erscheint, hat in Wirklichkeit funktionale Gr\u00fcnde. Drei schlichte Standf\u00fcsse runden das Design ab und garantieren Stabilit\u00e4t auf jedem Untergrund. Die Edelstahlplatten k\u00f6nnen einfach mit einem Spachtel von letzten BBQ R\u00fcckst\u00e4nden befreit werden und schon ist der Tria bereit f\u00fcr eine weitere Runde. Wenn die Edelstahlplatte kalt ist kann sie bei Bedarf noch mit einem Reinigungsschwamm nachgereinigt werden. Ansonsten ist eine weitere Reinigung nicht n\u00f6tig, da sich auf der Oberfl\u00e4che eine Patina bildet und kleinste R\u00fcckst\u00e4nde beim n\u00e4chsten Aufheizen verdampfen.<\/p>\n","protected":false},"excerpt":{"rendered":"<p>&#8211; Feuerhalbkugel verf\u00fcgbar in Schwarz oder trendiger Rost-Optik<br \/>\n&#8211; XXL Grillfl\u00e4che, direkt und Plancha<br \/>\n&#8211; Drei Edelstahlplatten, St\u00e4rke: 5mm<br \/>\n&#8211; Passender Grillrost &amp; Schwenkarm als Zubeh\u00f6r erh\u00e4ltlich<br \/>\n&#8211; Aufbauma\u00dfe: 98 x 98 x h 53 cm<\/p>\n","protected":false},"featured_media":1319,"template":"","meta":[],"product_brand":[],"product_cat":[55],"product_tag":[],"class_list":{"0":"post-1413","1":"product","2":"type-product","3":"status-publish","4":"has-post-thumbnail","6":"product_cat-feuerstellen","8":"first","9":"instock","10":"taxable","11":"shipping-taxable","12":"purchasable","13":"product-type-simple"},"_links":{"self":[{"href":"https:\/\/www.ekla.it\/de\/wp-json\/wp\/v2\/product\/1413","targetHints":{"allow":["GET"]}}],"collection":[{"href":"https:\/\/www.ekla.it\/de\/wp-json\/wp\/v2\/product"}],"about":[{"href":"https:\/\/www.ekla.it\/de\/wp-json\/wp\/v2\/types\/product"}],"wp:featuredmedia":[{"embeddable":true,"href":"https:\/\/www.ekla.it\/de\/wp-json\/wp\/v2\/media\/1319"}],"wp:attachment":[{"href":"https:\/\/www.ekla.it\/de\/wp-json\/wp\/v2\/media?parent=1413"}],"wp:term":[{"taxonomy":"product_brand","embeddable":true,"href":"https:\/\/www.ekla.it\/de\/wp-json\/wp\/v2\/product_brand?post=1413"},{"taxonomy":"product_cat","embeddable":true,"href":"https:\/\/www.ekla.it\/de\/wp-json\/wp\/v2\/product_cat?post=1413"},{"taxonomy":"product_tag","embeddable":true,"href":"https:\/\/www.ekla.it\/de\/wp-json\/wp\/v2\/product_tag?post=1413"}],"curies":[{"name":"wp","href":"https:\/\/api.w.org\/{rel}","templated":true}]}}