{"id":1410,"date":"2024-03-19T09:32:55","date_gmt":"2024-03-19T08:32:55","guid":{"rendered":"https:\/\/www.ekla.it\/produkt\/feuerstelle-boule-rost\/"},"modified":"2024-12-16T12:21:40","modified_gmt":"2024-12-16T11:21:40","slug":"feuerstelle-boule-rost","status":"publish","type":"product","link":"https:\/\/www.ekla.it\/de\/produkt\/feuerstelle-boule-rost\/","title":{"rendered":"Feuerstelle BOULE Rost"},"content":{"rendered":"<p>Boule: ein \u201eKugelgrill\u2018 der anderen Art. F\u00fcr Grillfreunde bietet Boule mit einem 5 mm dicken Aufsatzring aus Edelstahl eine besonders gro\u00dfe Grillfl\u00e4che. Edelstahl ist hier das Material der Wahl, weil es sich besonders gut reinigen l\u00e4sst, auch nach l\u00e4ngeren Lagerzeiten zu allen Jahreszeiten nicht rostet. Ebenso leitet Edelstahl die Hitze an das Grillgut exzellent weiter und ist lebensmittelecht, d.h., es gibt keine Schadstoffmigrationen beim Grillvorgang. Die Grillfl\u00e4che ist 4.540 cm\u00b2 gro\u00df und bietet daher jede Menge Platz f\u00fcr die Verpflegung auch gr\u00f6\u00dferer Runden.<\/p>\n","protected":false},"excerpt":{"rendered":"<p>&#8211; Feuerschale in dekorativer Rost-Optik mit rostfreier Edelstahlplatte 5 mm<br \/>\n&#8211; Luft hintersp\u00fchlte Feuerwanne f\u00fcr weniger Rauchentwicklung<br \/>\n&#8211; gro\u00dfer Aschebeh\u00e4lter f\u00fcr einfachere Reinigung<br \/>\n&#8211; Zubeh\u00f6r erh\u00e4ltlich<br \/>\n&#8211; Aufbauma\u00dfe: 98 x 98 x h 53 cm<\/p>\n","protected":false},"featured_media":1286,"template":"","meta":[],"product_brand":[],"product_cat":[55],"product_tag":[],"class_list":{"0":"post-1410","1":"product","2":"type-product","3":"status-publish","4":"has-post-thumbnail","6":"product_cat-feuerstellen","8":"first","9":"instock","10":"taxable","11":"shipping-taxable","12":"purchasable","13":"product-type-simple"},"_links":{"self":[{"href":"https:\/\/www.ekla.it\/de\/wp-json\/wp\/v2\/product\/1410","targetHints":{"allow":["GET"]}}],"collection":[{"href":"https:\/\/www.ekla.it\/de\/wp-json\/wp\/v2\/product"}],"about":[{"href":"https:\/\/www.ekla.it\/de\/wp-json\/wp\/v2\/types\/product"}],"wp:featuredmedia":[{"embeddable":true,"href":"https:\/\/www.ekla.it\/de\/wp-json\/wp\/v2\/media\/1286"}],"wp:attachment":[{"href":"https:\/\/www.ekla.it\/de\/wp-json\/wp\/v2\/media?parent=1410"}],"wp:term":[{"taxonomy":"product_brand","embeddable":true,"href":"https:\/\/www.ekla.it\/de\/wp-json\/wp\/v2\/product_brand?post=1410"},{"taxonomy":"product_cat","embeddable":true,"href":"https:\/\/www.ekla.it\/de\/wp-json\/wp\/v2\/product_cat?post=1410"},{"taxonomy":"product_tag","embeddable":true,"href":"https:\/\/www.ekla.it\/de\/wp-json\/wp\/v2\/product_tag?post=1410"}],"curies":[{"name":"wp","href":"https:\/\/api.w.org\/{rel}","templated":true}]}}