{"id":1283,"date":"2024-03-19T09:21:13","date_gmt":"2024-03-19T08:21:13","guid":{"rendered":"https:\/\/www.ekla.it\/produkt\/chuckwagon-magic-jack-20\/"},"modified":"2024-12-16T12:51:23","modified_gmt":"2024-12-16T11:51:23","slug":"chuckwagon-magic-jack-20","status":"publish","type":"product","link":"https:\/\/www.ekla.it\/de\/produkt\/chuckwagon-magic-jack-20\/","title":{"rendered":"CHUCKWAGON MAGIC JACK 20"},"content":{"rendered":"<p>Alle Cactus Jack Grills sind komplett mit Inox Grillrosten in der Haupt- und in der Feuerkammer ausgestattet und alle 16\u2033 Grills sind mit dem patentierten Cactus Jack BBQ Stone, das Aschereinigungswerkzeug und Thermometer.<br \/>\n\u2022 Frontablage-, Kaminablage- und Holzablagetablar<br \/>\n\u2022 Ablagerost vor der Feuerbox<br \/>\n\u2022 3 Fieberthermometer<br \/>\n\u2022 4 Rauch Kammer Grillroste aus Inox<br \/>\n\u2022 Besonders gro\u00dfe Feuerbox mit zus\u00e4tzlichem Inox Grillrost<br \/>\n\u2022 Integrierte Kochplatte auf dem Deckel<br \/>\n\u2022 Schwenkarmhalterung vorhanden<br \/>\n\u2022 Aschenschieber<br \/>\n\u2022 Konvektionsrohr zur optimalen Hitzeverteilung<br \/>\n\u2022 Catering-Version mit Schieber<br \/>\n\u2022 Zus\u00e4tzlicher Grillrost in der Feuerbox neu<br \/>\n\u2022 Zus\u00e4tzlicher Grillrost \/ 2. Ebene in der Hauptkammer<br \/>\n\u2022 Adapter f\u00fcr h\u00f6henverstellbaren Grillrost f\u00fcr die Feuerbox<br \/>\n\u2022 Neu standardm\u00e4ssig mit gummivulkanisierten R\u00e4dern und F\u00fcssen mit Gummipads<\/p>\n","protected":false},"excerpt":{"rendered":"<p>&#8211; Frontablage-, Kaminablage- und Holzablagetablar<br \/>\n&#8211; Ablagerost vor der Feuerbox<br \/>\n&#8211; 3 Fieberthermometer<br \/>\n&#8211; 4 Rauch Kammer Grillroste aus Inox<\/p>\n","protected":false},"featured_media":1280,"template":"","meta":[],"product_brand":[],"product_cat":[54],"product_tag":[],"class_list":{"0":"post-1283","1":"product","2":"type-product","3":"status-publish","4":"has-post-thumbnail","6":"product_cat-barbecue","8":"first","9":"instock","10":"taxable","11":"shipping-taxable","12":"purchasable","13":"product-type-simple"},"_links":{"self":[{"href":"https:\/\/www.ekla.it\/de\/wp-json\/wp\/v2\/product\/1283","targetHints":{"allow":["GET"]}}],"collection":[{"href":"https:\/\/www.ekla.it\/de\/wp-json\/wp\/v2\/product"}],"about":[{"href":"https:\/\/www.ekla.it\/de\/wp-json\/wp\/v2\/types\/product"}],"wp:featuredmedia":[{"embeddable":true,"href":"https:\/\/www.ekla.it\/de\/wp-json\/wp\/v2\/media\/1280"}],"wp:attachment":[{"href":"https:\/\/www.ekla.it\/de\/wp-json\/wp\/v2\/media?parent=1283"}],"wp:term":[{"taxonomy":"product_brand","embeddable":true,"href":"https:\/\/www.ekla.it\/de\/wp-json\/wp\/v2\/product_brand?post=1283"},{"taxonomy":"product_cat","embeddable":true,"href":"https:\/\/www.ekla.it\/de\/wp-json\/wp\/v2\/product_cat?post=1283"},{"taxonomy":"product_tag","embeddable":true,"href":"https:\/\/www.ekla.it\/de\/wp-json\/wp\/v2\/product_tag?post=1283"}],"curies":[{"name":"wp","href":"https:\/\/api.w.org\/{rel}","templated":true}]}}