{"id":1282,"date":"2024-03-19T09:16:10","date_gmt":"2024-03-19T08:16:10","guid":{"rendered":"https:\/\/www.ekla.it\/produkt\/chuckwagon-ranch-16\/"},"modified":"2024-12-16T12:50:38","modified_gmt":"2024-12-16T11:50:38","slug":"chuckwagon-ranch-16","status":"publish","type":"product","link":"https:\/\/www.ekla.it\/de\/produkt\/chuckwagon-ranch-16\/","title":{"rendered":"CHUCKWAGON RANCH 16"},"content":{"rendered":"<p class=\"p1\">Alles Cactus Jack Grills sind komplett mit Inox Grillrosten in der Haupt- und in der Feuerkammer ausgestattet und alle 16\u2033 Grills sind mit dem patentierten Cactus Jack BBQ Stone, das Aschereinigungswerkzeug und Thermometer.<\/p>\n<p class=\"p1\">\u2022 Frontablage-, Kaminablage- und Holzablagetablar<br \/>\n\u2022 Ablagerost vor der Feuerbox<br \/>\n\u2022 2 Thermometer<br \/>\n\u2022 3 Grillroste aus Inox in der Hauptkammer<br \/>\n\u2022 4 Rauch Kammer Grillroste aus Inox<br \/>\n\u2022 Besonders gro\u00dfe Feuerbox mit zus\u00e4tzlichem Inox Grillrost<br \/>\n\u2022 Integrierte Kochplatte auf dem Deckel<br \/>\n\u2022 Schwenkarmhalterung vorhanden<br \/>\n\u2022 Aschenschieber<br \/>\n\u2022 Konvektionsrohr zur optimalen Hitzeverteilung<br \/>\n\u2022 Catering-Version mit Schieber<br \/>\n\u2022 Zus\u00e4tzlicher Grillrost in der Feuerbox neu<br \/>\n\u2022 Zus\u00e4tzlicher Grillrost \/ 2. Ebene in der Hauptkammer<br \/>\n\u2022 Adapter f\u00fcr h\u00f6henverstellbaren Grillrost f\u00fcr die Feuerbox<br \/>\n\u2022 Neu: Standardm\u00e4ssig mit gummivulkanisierten R\u00e4dern<br \/>\n\u2022 Neu: Mit Kamin Docking Station (links &amp; rechts) und somit auch f\u00fcr Reverse Flow geeignet (optionales Kit)<\/p>\n","protected":false},"excerpt":{"rendered":"<p>&#8211; Frontablage-, Kaminablage- und Holzablagetablar<br \/>\n&#8211; Ablagerost vor der Feuerbox<br \/>\n&#8211; 2 Thermometer<br \/>\n&#8211; 3 Grillroste aus Inox in der Hauptkammer<\/p>\n","protected":false},"featured_media":1274,"template":"","meta":[],"product_brand":[],"product_cat":[54],"product_tag":[],"class_list":{"0":"post-1282","1":"product","2":"type-product","3":"status-publish","4":"has-post-thumbnail","6":"product_cat-barbecue","8":"first","9":"instock","10":"taxable","11":"shipping-taxable","12":"purchasable","13":"product-type-simple"},"_links":{"self":[{"href":"https:\/\/www.ekla.it\/de\/wp-json\/wp\/v2\/product\/1282","targetHints":{"allow":["GET"]}}],"collection":[{"href":"https:\/\/www.ekla.it\/de\/wp-json\/wp\/v2\/product"}],"about":[{"href":"https:\/\/www.ekla.it\/de\/wp-json\/wp\/v2\/types\/product"}],"wp:featuredmedia":[{"embeddable":true,"href":"https:\/\/www.ekla.it\/de\/wp-json\/wp\/v2\/media\/1274"}],"wp:attachment":[{"href":"https:\/\/www.ekla.it\/de\/wp-json\/wp\/v2\/media?parent=1282"}],"wp:term":[{"taxonomy":"product_brand","embeddable":true,"href":"https:\/\/www.ekla.it\/de\/wp-json\/wp\/v2\/product_brand?post=1282"},{"taxonomy":"product_cat","embeddable":true,"href":"https:\/\/www.ekla.it\/de\/wp-json\/wp\/v2\/product_cat?post=1282"},{"taxonomy":"product_tag","embeddable":true,"href":"https:\/\/www.ekla.it\/de\/wp-json\/wp\/v2\/product_tag?post=1282"}],"curies":[{"name":"wp","href":"https:\/\/api.w.org\/{rel}","templated":true}]}}