{"id":1256,"date":"2024-03-04T10:59:48","date_gmt":"2024-03-04T09:59:48","guid":{"rendered":"https:\/\/www.ekla.it\/produkt\/longhorn-16\/"},"modified":"2024-12-16T12:47:00","modified_gmt":"2024-12-16T11:47:00","slug":"longhorn-16","status":"publish","type":"product","link":"https:\/\/www.ekla.it\/de\/produkt\/longhorn-16\/","title":{"rendered":"LONGHORN 16"},"content":{"rendered":"<p>Alle Cactus Jack Grills sind komplett mit Inox Grillrosten in der Haupt- und in der Feuerkammer ausgestattet und alle 16\u2033 Grills sind mit dem patentierten Cactus Jack BBQ Stone, das Aschereinigungswerkzeug und ein Thermometer.<br \/>\n\u2022 Erweiterter Garraum mit 3 herausnehmbaren Edelstahlgittern<br \/>\n\u2022 Thermometer<br \/>\n\u2022 Patentierter BBQ-Stein<br \/>\n\u2022 Gro\u00dfe Feuerbox mit zus\u00e4tzlichem Edelstahl-Grillrost<br \/>\n\u2022 Schwenkarmhalterung erh\u00e4ltlich<br \/>\n\u2022 Integrierte Kochplatte am Deckel<br \/>\n\u2022 Einstellbare Luftzufuhr<br \/>\n\u2022 Ablagerost vorne<br \/>\n\u2022 Holzregal unter dem R\u00e4ucherofen<br \/>\n\u2022 Ascheschieber<br \/>\n\u2022 Fettablauf mit Auffangbeh\u00e4lter<br \/>\n\u2022 Zusatzgrill \/ 2. Ebene in der Hauptkammer<br \/>\n\u2022 Eingang f\u00fcr Bluetooth-Thermometer<br \/>\n\u2022 Gr\u00f6\u00dferer Fettauffangbeh\u00e4lter<br \/>\n\u2022 Adapter f\u00fcr h\u00f6henverstellbaren Grillrost f\u00fcr die Feuerbox<br \/>\n\u2022 R\u00e4der serienm\u00e4\u00dfig mit Gummi vulkanisiert<br \/>\n\u2022 Neu mit Kamin-Dockingstation (links &amp; rechts) und somit auch f\u00fcr Gegenstrom geeignet (optionales Kit)<\/p>\n","protected":false},"excerpt":{"rendered":"<p>&#8211; Erweiterter Garraum mit 3 herausnehmbaren Edelstahlgittern<br \/>\n&#8211; Thermometer<br \/>\n&#8211; Patentierter BBQ-Stein<br \/>\n&#8211; Gro\u00dfe Feuerbox mit zus\u00e4tzlichem Edelstahl-Grillrost<\/p>\n","protected":false},"featured_media":1160,"template":"","meta":[],"product_brand":[],"product_cat":[54],"product_tag":[],"class_list":{"0":"post-1256","1":"product","2":"type-product","3":"status-publish","4":"has-post-thumbnail","6":"product_cat-barbecue","8":"first","9":"instock","10":"taxable","11":"shipping-taxable","12":"purchasable","13":"product-type-simple"},"_links":{"self":[{"href":"https:\/\/www.ekla.it\/de\/wp-json\/wp\/v2\/product\/1256","targetHints":{"allow":["GET"]}}],"collection":[{"href":"https:\/\/www.ekla.it\/de\/wp-json\/wp\/v2\/product"}],"about":[{"href":"https:\/\/www.ekla.it\/de\/wp-json\/wp\/v2\/types\/product"}],"wp:featuredmedia":[{"embeddable":true,"href":"https:\/\/www.ekla.it\/de\/wp-json\/wp\/v2\/media\/1160"}],"wp:attachment":[{"href":"https:\/\/www.ekla.it\/de\/wp-json\/wp\/v2\/media?parent=1256"}],"wp:term":[{"taxonomy":"product_brand","embeddable":true,"href":"https:\/\/www.ekla.it\/de\/wp-json\/wp\/v2\/product_brand?post=1256"},{"taxonomy":"product_cat","embeddable":true,"href":"https:\/\/www.ekla.it\/de\/wp-json\/wp\/v2\/product_cat?post=1256"},{"taxonomy":"product_tag","embeddable":true,"href":"https:\/\/www.ekla.it\/de\/wp-json\/wp\/v2\/product_tag?post=1256"}],"curies":[{"name":"wp","href":"https:\/\/api.w.org\/{rel}","templated":true}]}}