{"id":1254,"date":"2024-03-04T10:59:48","date_gmt":"2024-03-04T09:59:48","guid":{"rendered":"https:\/\/www.ekla.it\/produkt\/texas-16\/"},"modified":"2024-12-16T12:49:55","modified_gmt":"2024-12-16T11:49:55","slug":"texas-16","status":"publish","type":"product","link":"https:\/\/www.ekla.it\/de\/produkt\/texas-16\/","title":{"rendered":"TEXAS 16"},"content":{"rendered":"<p>Alle Cactus Jack BBQ\u2019s sind komplett mit Edelstahl-Grillrosten in der Hauptkammer und in der Feuerbox ausgestattet. Alle 16&#8243; BBQ\u2019s sind mit dem genialen patentierten Cactus Jack BBQ Stone TM, einem Aschedr\u00fccker und einem oder mehreren Thermometern (je nach Gr\u00f6\u00dfe des Modells) ausgestattet.<br \/>\n\u2022 Thermometer<br \/>\n\u2022 Patentierter Cactus Jack BBQ Filterstein<br \/>\n\u2022 Inox Grillrost im Feuerraum<br \/>\n\u2022 2 gro\u00dfe Edelstahl-Grillroste in der Hauptkammer<br \/>\n\u2022 Integrierte Kochplatte auf der Feuerbox<br \/>\n\u2022 Einstellbare Luftzufuhr an der Seite des Feuerraums<br \/>\n\u2022 Einstellbarer Luftstrom am Schornstein<br \/>\n\u2022 Regal unter der Hauptkammer f\u00fcr holzgelagerte<br \/>\n\u2022 Vordere Aufbewahrungsb\u00f6den in allen Kammern 2 \u2013 3 (je nach Modell)<br \/>\n\u2022 Feste Aufbewahrungsregale<br \/>\n\u2022 Ascheschieber<br \/>\n\u2022 Fetter Tropfauslass<br \/>\n\u2022 Fetteimer<br \/>\n\u2022 Fleischthermometer Eingang<br \/>\n\u2022 Adapter f\u00fcr h\u00f6henverstellbares Grillsystem an der Feuerbox (optional)<br \/>\n\u2022 Adapter f\u00fcr Schwenkarm zum Kochen \u00fcber dem Feuer in der Feuerbox (optional)<br \/>\n\u2022 Neu mit ausgekl\u00fcgelter Kamin-Dockingstation f\u00fcr Reverse-Flow-Kochtechnik (optionaler Bausatz)<\/p>\n","protected":false},"excerpt":{"rendered":"<p>&#8211; Thermometer<br \/>\n&#8211; Patentierter Cactus Jack BBQ Filterstein<br \/>\n&#8211; Inox Grillrost im Feuerraum<br \/>\n&#8211; 2 gro\u00dfe Edelstahl-Grillroste in der Hauptkammer<\/p>\n","protected":false},"featured_media":1159,"template":"","meta":[],"product_brand":[],"product_cat":[54],"product_tag":[],"class_list":{"0":"post-1254","1":"product","2":"type-product","3":"status-publish","4":"has-post-thumbnail","6":"product_cat-barbecue","8":"first","9":"instock","10":"taxable","11":"shipping-taxable","12":"purchasable","13":"product-type-simple"},"_links":{"self":[{"href":"https:\/\/www.ekla.it\/de\/wp-json\/wp\/v2\/product\/1254","targetHints":{"allow":["GET"]}}],"collection":[{"href":"https:\/\/www.ekla.it\/de\/wp-json\/wp\/v2\/product"}],"about":[{"href":"https:\/\/www.ekla.it\/de\/wp-json\/wp\/v2\/types\/product"}],"wp:featuredmedia":[{"embeddable":true,"href":"https:\/\/www.ekla.it\/de\/wp-json\/wp\/v2\/media\/1159"}],"wp:attachment":[{"href":"https:\/\/www.ekla.it\/de\/wp-json\/wp\/v2\/media?parent=1254"}],"wp:term":[{"taxonomy":"product_brand","embeddable":true,"href":"https:\/\/www.ekla.it\/de\/wp-json\/wp\/v2\/product_brand?post=1254"},{"taxonomy":"product_cat","embeddable":true,"href":"https:\/\/www.ekla.it\/de\/wp-json\/wp\/v2\/product_cat?post=1254"},{"taxonomy":"product_tag","embeddable":true,"href":"https:\/\/www.ekla.it\/de\/wp-json\/wp\/v2\/product_tag?post=1254"}],"curies":[{"name":"wp","href":"https:\/\/api.w.org\/{rel}","templated":true}]}}