{"id":1253,"date":"2024-03-04T10:59:48","date_gmt":"2024-03-04T09:59:48","guid":{"rendered":"https:\/\/www.ekla.it\/produkt\/tischplatte-fuer-cube-und-barcube\/"},"modified":"2024-12-16T11:13:14","modified_gmt":"2024-12-16T10:13:14","slug":"tischplatte-fuer-cube-und-barcube","status":"publish","type":"product","link":"https:\/\/www.ekla.it\/de\/produkt\/tischplatte-fuer-cube-und-barcube\/","title":{"rendered":"TISCHPLATTE F\u00dcR CUBE UND BARCUBE"},"content":{"rendered":"<p>Platz f\u00fcr Getr\u00e4nke, Snacks und mehr: Tischplatten aus dem Material HPL-Compact sorgen f\u00fcr ausreichend Abstellfl\u00e4che.<\/p>\n","protected":false},"excerpt":{"rendered":"<p>&#8211; Tischplatte f\u00fcr ausreichend Abstellfl\u00e4che<\/p>\n","protected":false},"featured_media":1127,"template":"","meta":[],"product_brand":[],"product_cat":[56],"product_tag":[],"class_list":{"0":"post-1253","1":"product","2":"type-product","3":"status-publish","4":"has-post-thumbnail","6":"product_cat-outdoor-ofen","8":"first","9":"instock","10":"taxable","11":"shipping-taxable","12":"purchasable","13":"product-type-simple"},"_links":{"self":[{"href":"https:\/\/www.ekla.it\/de\/wp-json\/wp\/v2\/product\/1253","targetHints":{"allow":["GET"]}}],"collection":[{"href":"https:\/\/www.ekla.it\/de\/wp-json\/wp\/v2\/product"}],"about":[{"href":"https:\/\/www.ekla.it\/de\/wp-json\/wp\/v2\/types\/product"}],"wp:featuredmedia":[{"embeddable":true,"href":"https:\/\/www.ekla.it\/de\/wp-json\/wp\/v2\/media\/1127"}],"wp:attachment":[{"href":"https:\/\/www.ekla.it\/de\/wp-json\/wp\/v2\/media?parent=1253"}],"wp:term":[{"taxonomy":"product_brand","embeddable":true,"href":"https:\/\/www.ekla.it\/de\/wp-json\/wp\/v2\/product_brand?post=1253"},{"taxonomy":"product_cat","embeddable":true,"href":"https:\/\/www.ekla.it\/de\/wp-json\/wp\/v2\/product_cat?post=1253"},{"taxonomy":"product_tag","embeddable":true,"href":"https:\/\/www.ekla.it\/de\/wp-json\/wp\/v2\/product_tag?post=1253"}],"curies":[{"name":"wp","href":"https:\/\/api.w.org\/{rel}","templated":true}]}}