{"id":1251,"date":"2024-03-04T10:59:48","date_gmt":"2024-03-04T09:59:48","guid":{"rendered":"https:\/\/www.ekla.it\/produkt\/dach-fuer-tower-lounge\/"},"modified":"2024-12-16T11:15:52","modified_gmt":"2024-12-16T10:15:52","slug":"dach-fuer-tower-lounge","status":"publish","type":"product","link":"https:\/\/www.ekla.it\/de\/produkt\/dach-fuer-tower-lounge\/","title":{"rendered":"DACH F\u00dcR TOWER (LOUNGE)"},"content":{"rendered":"<p>Sie m\u00f6chten zus\u00e4tzliche W\u00e4rme unter Ihrer Pelmondo-Feuers\u00e4ule genie\u00dfen? Das Dach zur Selbstmontage f\u00fcr den Tower sorgt f\u00fcr w\u00e4rmende Stunden.<\/p>\n","protected":false},"excerpt":{"rendered":"<p>&#8211; zus\u00e4tzliche W\u00e4rme unter Ihrer Feuers\u00e4ule<\/p>\n","protected":false},"featured_media":1141,"template":"","meta":[],"product_brand":[],"product_cat":[56],"product_tag":[],"class_list":{"0":"post-1251","1":"product","2":"type-product","3":"status-publish","4":"has-post-thumbnail","6":"product_cat-outdoor-ofen","8":"first","9":"instock","10":"taxable","11":"shipping-taxable","12":"purchasable","13":"product-type-simple"},"_links":{"self":[{"href":"https:\/\/www.ekla.it\/de\/wp-json\/wp\/v2\/product\/1251","targetHints":{"allow":["GET"]}}],"collection":[{"href":"https:\/\/www.ekla.it\/de\/wp-json\/wp\/v2\/product"}],"about":[{"href":"https:\/\/www.ekla.it\/de\/wp-json\/wp\/v2\/types\/product"}],"wp:featuredmedia":[{"embeddable":true,"href":"https:\/\/www.ekla.it\/de\/wp-json\/wp\/v2\/media\/1141"}],"wp:attachment":[{"href":"https:\/\/www.ekla.it\/de\/wp-json\/wp\/v2\/media?parent=1251"}],"wp:term":[{"taxonomy":"product_brand","embeddable":true,"href":"https:\/\/www.ekla.it\/de\/wp-json\/wp\/v2\/product_brand?post=1251"},{"taxonomy":"product_cat","embeddable":true,"href":"https:\/\/www.ekla.it\/de\/wp-json\/wp\/v2\/product_cat?post=1251"},{"taxonomy":"product_tag","embeddable":true,"href":"https:\/\/www.ekla.it\/de\/wp-json\/wp\/v2\/product_tag?post=1251"}],"curies":[{"name":"wp","href":"https:\/\/api.w.org\/{rel}","templated":true}]}}