{"id":1248,"date":"2024-03-04T10:59:48","date_gmt":"2024-03-04T09:59:48","guid":{"rendered":"https:\/\/www.ekla.it\/produkt\/burner\/"},"modified":"2024-12-16T11:11:04","modified_gmt":"2024-12-16T10:11:04","slug":"burner","status":"publish","type":"product","link":"https:\/\/www.ekla.it\/de\/produkt\/burner\/","title":{"rendered":"BURNER"},"content":{"rendered":"<p>Burner ist der geschmackvolle Terrassenofen f\u00fcr den Outdoorbereich und ganzj\u00e4hrig nutzbar. Ob f\u00fcr den Garten, die Terrasse oder lange Abende in Gesellschaft \u2013 der mit Pellets betriebene Heizstrahler spendet wohlige W\u00e4rme selbst bei eisiger K\u00e4lte. Das Einscheiben-Sicherheitsglas (ESG) bietet die M\u00f6glichkeit, dem beruhigenden Flackern der Flammen von allen Seiten zuzusehen.<\/p>\n","protected":false},"excerpt":{"rendered":"<p>&#8211; der geschmackvolle Pellet-Terrassenofen f\u00fcr den Outdoorbereich<\/p>\n","protected":false},"featured_media":1154,"template":"","meta":[],"product_brand":[],"product_cat":[56],"product_tag":[],"class_list":{"0":"post-1248","1":"product","2":"type-product","3":"status-publish","4":"has-post-thumbnail","6":"product_cat-outdoor-ofen","8":"first","9":"instock","10":"taxable","11":"shipping-taxable","12":"purchasable","13":"product-type-simple"},"_links":{"self":[{"href":"https:\/\/www.ekla.it\/de\/wp-json\/wp\/v2\/product\/1248","targetHints":{"allow":["GET"]}}],"collection":[{"href":"https:\/\/www.ekla.it\/de\/wp-json\/wp\/v2\/product"}],"about":[{"href":"https:\/\/www.ekla.it\/de\/wp-json\/wp\/v2\/types\/product"}],"wp:featuredmedia":[{"embeddable":true,"href":"https:\/\/www.ekla.it\/de\/wp-json\/wp\/v2\/media\/1154"}],"wp:attachment":[{"href":"https:\/\/www.ekla.it\/de\/wp-json\/wp\/v2\/media?parent=1248"}],"wp:term":[{"taxonomy":"product_brand","embeddable":true,"href":"https:\/\/www.ekla.it\/de\/wp-json\/wp\/v2\/product_brand?post=1248"},{"taxonomy":"product_cat","embeddable":true,"href":"https:\/\/www.ekla.it\/de\/wp-json\/wp\/v2\/product_cat?post=1248"},{"taxonomy":"product_tag","embeddable":true,"href":"https:\/\/www.ekla.it\/de\/wp-json\/wp\/v2\/product_tag?post=1248"}],"curies":[{"name":"wp","href":"https:\/\/api.w.org\/{rel}","templated":true}]}}