{"id":1247,"date":"2024-03-04T10:59:48","date_gmt":"2024-03-04T09:59:48","guid":{"rendered":"https:\/\/www.ekla.it\/produkt\/square-bowl-hybrid\/"},"modified":"2024-12-16T11:15:05","modified_gmt":"2024-12-16T10:15:05","slug":"square-bowl-hybrid","status":"publish","type":"product","link":"https:\/\/www.ekla.it\/de\/produkt\/square-bowl-hybrid\/","title":{"rendered":"SQUARE (BOWL HYBRID)"},"content":{"rendered":"<p>Square ist eine klassische Feuerschale. Mit Brennholz betrieben erf\u00fcllt sie die Umgebung mit flackernden Flammen und wohliger W\u00e4rme. Ob im Sommer oder Winter \u2013 die Schale sorgt f\u00fcr eine stilvolle Lagerfeueratmosph\u00e4re. Ausgestattet mit Stellf\u00fc\u00dfen zur Niveauregulierung steht die Feuerstelle stabil und sicher. Die patentierte Pelmondo-Anz\u00fcndtechnik garantiert zudem ein einfaches und schnelles Entfachen des Feuers.<\/p>\n","protected":false},"excerpt":{"rendered":"<p>&#8211; die klassische Feuerschale f\u00fcr Pellets und St\u00fcckgut<\/p>\n","protected":false},"featured_media":1150,"template":"","meta":[],"product_brand":[],"product_cat":[56],"product_tag":[],"class_list":{"0":"post-1247","1":"product","2":"type-product","3":"status-publish","4":"has-post-thumbnail","6":"product_cat-outdoor-ofen","8":"first","9":"instock","10":"taxable","11":"shipping-taxable","12":"purchasable","13":"product-type-simple"},"_links":{"self":[{"href":"https:\/\/www.ekla.it\/de\/wp-json\/wp\/v2\/product\/1247","targetHints":{"allow":["GET"]}}],"collection":[{"href":"https:\/\/www.ekla.it\/de\/wp-json\/wp\/v2\/product"}],"about":[{"href":"https:\/\/www.ekla.it\/de\/wp-json\/wp\/v2\/types\/product"}],"wp:featuredmedia":[{"embeddable":true,"href":"https:\/\/www.ekla.it\/de\/wp-json\/wp\/v2\/media\/1150"}],"wp:attachment":[{"href":"https:\/\/www.ekla.it\/de\/wp-json\/wp\/v2\/media?parent=1247"}],"wp:term":[{"taxonomy":"product_brand","embeddable":true,"href":"https:\/\/www.ekla.it\/de\/wp-json\/wp\/v2\/product_brand?post=1247"},{"taxonomy":"product_cat","embeddable":true,"href":"https:\/\/www.ekla.it\/de\/wp-json\/wp\/v2\/product_cat?post=1247"},{"taxonomy":"product_tag","embeddable":true,"href":"https:\/\/www.ekla.it\/de\/wp-json\/wp\/v2\/product_tag?post=1247"}],"curies":[{"name":"wp","href":"https:\/\/api.w.org\/{rel}","templated":true}]}}