{"id":1118,"date":"2024-03-04T10:59:48","date_gmt":"2024-03-04T09:59:48","guid":{"rendered":"https:\/\/www.ekla.it\/produkt\/barcube\/"},"modified":"2024-12-16T11:08:56","modified_gmt":"2024-12-16T10:08:56","slug":"barcube","status":"publish","type":"product","link":"https:\/\/www.ekla.it\/de\/produkt\/barcube\/","title":{"rendered":"BARCUBE"},"content":{"rendered":"<p>Barcube ist mehr als eine elegante Feuers\u00e4ule: Sie l\u00e4dt mit ihrem Flammenspiel zum Entspannen und Tr\u00e4umen ein. Zugleich kann der Barcube mit einer optional integrierbaren Tischplatte in einen Stehtisch verwandelt werden und bietet ausreichend Platz f\u00fcr Getr\u00e4nke, Snacks und mehr. Das edle Design und die ganzj\u00e4hrige Nutzbarkeit machen die Feuers\u00e4ule zu einem unverzichtbaren Must-have im Outdoorbereich.<\/p>\n","protected":false},"excerpt":{"rendered":"<p>&#8211; die elegante Feuers\u00e4ule f\u00fcr den Outdoorbereich<\/p>\n","protected":false},"featured_media":1133,"template":"","meta":[],"product_brand":[],"product_cat":[56],"product_tag":[],"class_list":{"0":"post-1118","1":"product","2":"type-product","3":"status-publish","4":"has-post-thumbnail","6":"product_cat-outdoor-ofen","8":"first","9":"instock","10":"taxable","11":"shipping-taxable","12":"purchasable","13":"product-type-simple"},"_links":{"self":[{"href":"https:\/\/www.ekla.it\/de\/wp-json\/wp\/v2\/product\/1118","targetHints":{"allow":["GET"]}}],"collection":[{"href":"https:\/\/www.ekla.it\/de\/wp-json\/wp\/v2\/product"}],"about":[{"href":"https:\/\/www.ekla.it\/de\/wp-json\/wp\/v2\/types\/product"}],"wp:featuredmedia":[{"embeddable":true,"href":"https:\/\/www.ekla.it\/de\/wp-json\/wp\/v2\/media\/1133"}],"wp:attachment":[{"href":"https:\/\/www.ekla.it\/de\/wp-json\/wp\/v2\/media?parent=1118"}],"wp:term":[{"taxonomy":"product_brand","embeddable":true,"href":"https:\/\/www.ekla.it\/de\/wp-json\/wp\/v2\/product_brand?post=1118"},{"taxonomy":"product_cat","embeddable":true,"href":"https:\/\/www.ekla.it\/de\/wp-json\/wp\/v2\/product_cat?post=1118"},{"taxonomy":"product_tag","embeddable":true,"href":"https:\/\/www.ekla.it\/de\/wp-json\/wp\/v2\/product_tag?post=1118"}],"curies":[{"name":"wp","href":"https:\/\/api.w.org\/{rel}","templated":true}]}}