{"id":1017,"date":"2024-03-04T10:59:48","date_gmt":"2024-03-04T09:59:48","guid":{"rendered":"https:\/\/www.ekla.it\/?post_type=product&#038;p=1017"},"modified":"2024-12-16T11:11:45","modified_gmt":"2024-12-16T10:11:45","slug":"cube","status":"publish","type":"product","link":"https:\/\/www.ekla.it\/de\/produkt\/cube\/","title":{"rendered":"CUBE"},"content":{"rendered":"<p>Cube ist zeitlos elegant, ganzj\u00e4hrig nutzbar und punktet mit vielen Kombinationsm\u00f6glichkeiten. Die mit Pellets beheizbare Feuerstelle ist ein Blickfang im Outdoor-Bereich und fasziniert mit ihrem einzigartigen Flammenspiel. Mit Tischplatten kann Cube in ein modernes Terrassenm\u00f6bel verwandelt werden, das ausreichend Platz f\u00fcr Getr\u00e4nke und Snacks bietet. Im Garten, auf der Terrasse oder beim Pool \u2013 Cube ist der Mittelpunkt an gem\u00fctlichen Abenden.<\/p>\n","protected":false},"excerpt":{"rendered":"<p>&#8211; mit Pellets beheizbare Feuerstelle<\/p>\n","protected":false},"featured_media":1120,"template":"","meta":[],"product_brand":[],"product_cat":[56],"product_tag":[],"class_list":{"0":"post-1017","1":"product","2":"type-product","3":"status-publish","4":"has-post-thumbnail","6":"product_cat-outdoor-ofen","8":"first","9":"instock","10":"taxable","11":"shipping-taxable","12":"purchasable","13":"product-type-simple"},"_links":{"self":[{"href":"https:\/\/www.ekla.it\/de\/wp-json\/wp\/v2\/product\/1017","targetHints":{"allow":["GET"]}}],"collection":[{"href":"https:\/\/www.ekla.it\/de\/wp-json\/wp\/v2\/product"}],"about":[{"href":"https:\/\/www.ekla.it\/de\/wp-json\/wp\/v2\/types\/product"}],"wp:featuredmedia":[{"embeddable":true,"href":"https:\/\/www.ekla.it\/de\/wp-json\/wp\/v2\/media\/1120"}],"wp:attachment":[{"href":"https:\/\/www.ekla.it\/de\/wp-json\/wp\/v2\/media?parent=1017"}],"wp:term":[{"taxonomy":"product_brand","embeddable":true,"href":"https:\/\/www.ekla.it\/de\/wp-json\/wp\/v2\/product_brand?post=1017"},{"taxonomy":"product_cat","embeddable":true,"href":"https:\/\/www.ekla.it\/de\/wp-json\/wp\/v2\/product_cat?post=1017"},{"taxonomy":"product_tag","embeddable":true,"href":"https:\/\/www.ekla.it\/de\/wp-json\/wp\/v2\/product_tag?post=1017"}],"curies":[{"name":"wp","href":"https:\/\/api.w.org\/{rel}","templated":true}]}}