{"id":741,"date":"2024-02-28T11:48:22","date_gmt":"2024-02-28T10:48:22","guid":{"rendered":"https:\/\/www.ekla.it\/?page_id=741"},"modified":"2024-05-22T15:33:17","modified_gmt":"2024-05-22T13:33:17","slug":"impressum","status":"publish","type":"page","link":"https:\/\/www.ekla.it\/de\/impressum\/","title":{"rendered":"Impressum"},"content":{"rendered":"<p><strong>Herausgeber &amp; Eigent\u00fcmer<\/strong><br \/>\nEKLA GmbH<br \/>\nStaatsstrasse 128<br \/>\nI-39040 Salurn (BZ)<br \/>\nT +39 0471 096100<br \/>\n<a href=\"mailto:&#105;&#110;&#102;&#111;&#64;&#101;kl&#97;.&#105;t\">in&#102;&#111;&#64;&#101;&#107;&#108;&#97;&#46;it<\/a><br \/>\nMwSt.-Nummer: 00192100212<br \/>\nEmpf\u00e4ngerkodex: A4RZ960<\/p>\n<p><strong>Konzeption &amp; Design<\/strong><br \/>\nChristoph Alber \u2013 Artservice Alber<br \/>\nGampenstra\u00dfe 68<br \/>\nI-39020 Marling (BZ)<br \/>\nT +39 0473 338814<br \/>\n<a href=\"mailto:a&#114;ts&#101;&#114;v&#105;&#99;e.&#97;&#108;b&#101;r&#64;g&#109;ai&#108;&#46;&#99;&#111;m\">ar&#116;&#115;&#101;r&#118;i&#99;&#101;&#46;a&#108;&#98;er&#64;&#103;&#109;&#97;il.c&#111;m<\/a><\/p>\n<p><strong>Programmierung &amp; CMS\/Shop<\/strong><br \/>\nps-design<br \/>\nd. Pircher Stefan<br \/>\nLaugengasse 24<br \/>\nI-39011 Lana (BZ)<br \/>\nM +39 333 3914367<br \/>\n<a href=\"mailto:&#105;&#110;&#102;&#111;&#64;ps&#45;design.&#105;&#116;\">&#105;n&#102;o&#64;&#112;&#115;&#45;d&#101;&#115;&#105;gn.&#105;t<\/a><\/p>\n<p><strong>Hinweise &amp; Haftungsausschluss<\/strong><br \/>\nAlle Angaben und Inhalte dieser Internetseite wurden von uns sorgf\u00e4ltig \u00fcberpr\u00fcft. Trotz aller Sorgfalt kann keine Haftung oder Garantie f\u00fcr die Richtigkeit, Vollst\u00e4ndigkeit und Aktualit\u00e4t der Daten \u00fcbernommen werden. Dies gilt auch f\u00fcr alle anderen Websites, auf die mit Hyperlinks verwiesen wird. EKLA GmbH ist f\u00fcr den Inhalt der Websites, die aufgrund einer solchen Verbindung erreicht werden, nicht verantwortlich. Wir behalten uns das Recht vor, Aktualisierungen, \u00c4nderungen oder Erg\u00e4nzungen an den bereitgestellten Informationen und Daten vorzunehmen.<\/p>\n<p><strong>EU-Streitschlichtung<\/strong><br \/>\nDie Europ\u00e4ische Kommission stellt eine <a href=\"https:\/\/ec.europa.eu\/consumers\/odr\" target=\"_blank\" rel=\"noopener\">Plattform zur Online-Streitbeilegung<\/a> (OS) bereit.<\/p>\n<p><strong>Copyright<\/strong><br \/>\nKonzept, Struktur und Inhalt dieser Website ist urheberrechtlich gesch\u00fctzt. Die Vervielf\u00e4ltigung von Informationen oder Daten, insbesondere die Verwendung von Texten, Textteilen oder Bildmaterial bedarf der vorherigen Zustimmung von EKLA GmbH.<\/p>\n<p><strong>CMS-System<\/strong><br \/>\npowered by <a href=\"http:\/\/de.wordpress.org\" target=\"_blank\" rel=\"noopener\">WordPress<\/a><\/p>\n","protected":false},"excerpt":{"rendered":"<p>Herausgeber &amp; Eigent\u00fcmer EKLA GmbH Staatsstrasse 128 I-39040 Salurn (BZ) T +39 0471 096100 MwSt.-Nummer: 00192100212 Empf\u00e4ngerkodex: A4RZ960 Konzeption &amp; Design Christoph Alber \u2013 Artservice Alber Gampenstra\u00dfe 68 I-39020 Marling [&hellip;]<\/p>\n","protected":false},"author":1,"featured_media":0,"parent":0,"menu_order":25,"comment_status":"closed","ping_status":"closed","template":"","meta":{"footnotes":""},"class_list":["post-741","page","type-page","status-publish","hentry"],"_links":{"self":[{"href":"https:\/\/www.ekla.it\/de\/wp-json\/wp\/v2\/pages\/741","targetHints":{"allow":["GET"]}}],"collection":[{"href":"https:\/\/www.ekla.it\/de\/wp-json\/wp\/v2\/pages"}],"about":[{"href":"https:\/\/www.ekla.it\/de\/wp-json\/wp\/v2\/types\/page"}],"author":[{"embeddable":true,"href":"https:\/\/www.ekla.it\/de\/wp-json\/wp\/v2\/users\/1"}],"replies":[{"embeddable":true,"href":"https:\/\/www.ekla.it\/de\/wp-json\/wp\/v2\/comments?post=741"}],"version-history":[{"count":0,"href":"https:\/\/www.ekla.it\/de\/wp-json\/wp\/v2\/pages\/741\/revisions"}],"wp:attachment":[{"href":"https:\/\/www.ekla.it\/de\/wp-json\/wp\/v2\/media?parent=741"}],"curies":[{"name":"wp","href":"https:\/\/api.w.org\/{rel}","templated":true}]}}