{"id":730,"date":"2024-02-28T11:32:47","date_gmt":"2024-02-28T10:32:47","guid":{"rendered":"https:\/\/www.ekla.it\/?page_id=730"},"modified":"2024-03-07T15:15:34","modified_gmt":"2024-03-07T14:15:34","slug":"ueber-uns","status":"publish","type":"page","link":"https:\/\/www.ekla.it\/de\/ueber-uns\/","title":{"rendered":"\u00dcber uns"},"content":{"rendered":"<p><strong>EKLA &#8211; Ihr Vertrauenspartner seit 1973<\/strong><\/p>\n<p>Gegr\u00fcndet im Jahr 1973, verf\u00fcgt Ekla heute \u00fcber langj\u00e4hrige Erfahrung und Zusammenarbeit mit den qualifiziertesten Unternehmen im Bereich des spezialisierten Gro\u00dfhandels. Seit \u00fcber 50 Jahren beliefern wir erfolgreich Fachleute im Bereich Heimwerken und Gro\u00dfhandel mit unseren erstklassigen Produkten. Unsere Hauptbereiche sind Hobby-Gartenbau &amp; Freizeit, alternative\/erneuerbare Brennstoffe und Arbeitssicherheit.<img loading=\"lazy\" decoding=\"async\" class=\"content right\" src=\"https:\/\/www.ekla.it\/wp-content\/uploads\/2024\/03\/ekla-betrieb_070224-600x420.webp\" alt=\"\" width=\"600\" height=\"420\" \/><\/p>\n<p>Dank eines dichten H\u00e4ndlernetzes im gesamten nationalen Gebiet garantiert Ekla einen einwandfreien Lieferdienst sowie schnelle Lieferzeiten. Zudem legen wir gro\u00dfen Wert auf eine kontinuierliche Kommunikation mit unseren Kunden und informieren diese \u00fcber die neuesten Entwicklungen und Produkte auf dem Markt.<\/p>\n<p>In den Bereichen Sport und professionelle Gr\u00fcnfl\u00e4chenpflege ist Ekla ausschlie\u00dflich regional t\u00e4tig und bietet seinen Kunden f\u00fchrende und ma\u00dfgeschneiderte L\u00f6sungen.<br \/>\nDie langj\u00e4hrige Erfahrung in der Herstellung und im Vertrieb von Brennstoffen, Erden und D\u00fcngemitteln f\u00fcr den Gartenbau sowie die Unterst\u00fctzung durch ein professionelles Expertenteam haben uns nicht nur wettbewerbsf\u00e4hig, sondern zu einem f\u00fchrenden Unternehmen in diesem Bereich gemacht.<\/p>\n<p>Erstklassige Rohstoffe, Zuverl\u00e4ssigkeit und st\u00e4ndige Innovation kennzeichnen unsere Arbeit und bilden die Grundpfeiler unserer Unternehmensphilosophie. Auch in Zukunft m\u00f6chten wir durch ein klares Engagement in der Lage sein, stets neue und innovative L\u00f6sungen zu entwickeln und gleichzeitig einen einwandfreien Service zu garantieren, der die Lieferzeiten verl\u00e4sslich einh\u00e4lt.<\/p>\n<p><strong>EKLA &#8211; Der zuverl\u00e4ssige Partner f\u00fcr die GDO (Gross- und Einzelhandel) &#8211; seit \u00fcber 50 Jahren<\/strong><\/p>\n<p>Sind Sie ein H\u00e4ndler, der an unseren Produkten interessiert ist? F\u00fcr detailliertere Informationen zu einer m\u00f6glichen Zusammenarbeit f\u00fcllen Sie bitte unser Kontaktformular aus und geben Sie den Produktbereich an, an dem Sie interessiert sind. Wir werden uns so schnell wie m\u00f6glich um Ihre Anfrage k\u00fcmmern.<img loading=\"lazy\" decoding=\"async\" class=\"content right\" src=\"https:\/\/www.ekla.it\/wp-content\/uploads\/2024\/03\/ekla-lkw_070224-380x213.webp\" alt=\"\" width=\"380\" height=\"213\" \/><\/p>\n<p><strong>Qualit\u00e4tsprodukte und professioneller Service<\/strong><\/p>\n<p>Ekla beliefert ein dichtes Netz von H\u00e4ndlern im gesamten nationalen Gebiet.<\/p>\n<p>Sind Sie an einem unserer Produkte interessiert, wissen aber nicht, wo Sie es kaufen k\u00f6nnen? F\u00fcllen Sie unser Kontaktformular aus und geben Sie den Namen oder Code des Produkts an. Wir informieren Sie gerne \u00fcber den n\u00e4chstgelegenen H\u00e4ndler.<\/p>\n","protected":false},"excerpt":{"rendered":"<p>EKLA &#8211; Ihr Vertrauenspartner seit 1973 Gegr\u00fcndet im Jahr 1973, verf\u00fcgt Ekla heute \u00fcber langj\u00e4hrige Erfahrung und Zusammenarbeit mit den qualifiziertesten Unternehmen im Bereich des spezialisierten Gro\u00dfhandels. Seit \u00fcber 50 [&hellip;]<\/p>\n","protected":false},"author":1,"featured_media":0,"parent":0,"menu_order":10,"comment_status":"closed","ping_status":"closed","template":"","meta":{"footnotes":""},"class_list":["post-730","page","type-page","status-publish","hentry"],"_links":{"self":[{"href":"https:\/\/www.ekla.it\/de\/wp-json\/wp\/v2\/pages\/730","targetHints":{"allow":["GET"]}}],"collection":[{"href":"https:\/\/www.ekla.it\/de\/wp-json\/wp\/v2\/pages"}],"about":[{"href":"https:\/\/www.ekla.it\/de\/wp-json\/wp\/v2\/types\/page"}],"author":[{"embeddable":true,"href":"https:\/\/www.ekla.it\/de\/wp-json\/wp\/v2\/users\/1"}],"replies":[{"embeddable":true,"href":"https:\/\/www.ekla.it\/de\/wp-json\/wp\/v2\/comments?post=730"}],"version-history":[{"count":0,"href":"https:\/\/www.ekla.it\/de\/wp-json\/wp\/v2\/pages\/730\/revisions"}],"wp:attachment":[{"href":"https:\/\/www.ekla.it\/de\/wp-json\/wp\/v2\/media?parent=730"}],"curies":[{"name":"wp","href":"https:\/\/api.w.org\/{rel}","templated":true}]}}