{"id":728,"date":"2024-02-28T11:26:23","date_gmt":"2024-02-28T10:26:23","guid":{"rendered":"https:\/\/www.ekla.it\/?page_id=728"},"modified":"2024-03-07T15:22:32","modified_gmt":"2024-03-07T14:22:32","slug":"profi-service","status":"publish","type":"page","link":"https:\/\/www.ekla.it\/de\/profi-service\/","title":{"rendered":"Profi-Service"},"content":{"rendered":"<p><img loading=\"lazy\" decoding=\"async\" class=\"content right\" src=\"https:\/\/www.ekla.it\/wp-content\/uploads\/2024\/03\/profi-service-01_070224-600x398.webp\" alt=\"\" width=\"600\" height=\"398\" \/><br \/>\n<strong>Profi-Service f\u00fcr Sportplatzpflege<\/strong><\/p>\n<p>Auch im Bereich der Pflege von Sportpl\u00e4tzen verf\u00fcgen wir \u00fcber langj\u00e4hrige Erfahrung und bieten Ihnen einen professionellen Service.<\/p>\n<p>Technologisch immer auf dem neuesten Stand, k\u00f6nnen wir Ihnen mit unserem \u201ePROFI-Service\u201c innovative und personalisierte L\u00f6sungen f\u00fcr die Errichtung von Neuanlagen sowie bei der Regeneration von bestehenden Gr\u00fcnfl\u00e4chen anbieten.<\/p>\n<p>Um Ihnen unseren professionellen Service mit m\u00f6glichst vorteilhaften Kosten anbieten zu k\u00f6nnen, empfehlen wir den Abschluss eines ein- oder mehrj\u00e4hrigen Pflegevertrages.<\/p>\n<p>Dieses Angebot &#8211; interessant besonders f\u00fcr \u00f6ffentliche Institutionen, Gemeinden und Sportvereine &#8211; ist nur in der Region Trentino-S\u00fcdtirol verf\u00fcgbar.<br \/>\n<img loading=\"lazy\" decoding=\"async\" class=\"content\" src=\"https:\/\/www.ekla.it\/wp-content\/uploads\/2024\/03\/profi-service-02_070224-300x239.webp\" alt=\"\" width=\"300\" height=\"239\" \/><\/p>\n","protected":false},"excerpt":{"rendered":"<p>Profi-Service f\u00fcr Sportplatzpflege Auch im Bereich der Pflege von Sportpl\u00e4tzen verf\u00fcgen wir \u00fcber langj\u00e4hrige Erfahrung und bieten Ihnen einen professionellen Service. Technologisch immer auf dem neuesten Stand, k\u00f6nnen wir Ihnen [&hellip;]<\/p>\n","protected":false},"author":1,"featured_media":0,"parent":0,"menu_order":15,"comment_status":"closed","ping_status":"closed","template":"","meta":{"footnotes":""},"class_list":["post-728","page","type-page","status-publish","hentry"],"_links":{"self":[{"href":"https:\/\/www.ekla.it\/de\/wp-json\/wp\/v2\/pages\/728","targetHints":{"allow":["GET"]}}],"collection":[{"href":"https:\/\/www.ekla.it\/de\/wp-json\/wp\/v2\/pages"}],"about":[{"href":"https:\/\/www.ekla.it\/de\/wp-json\/wp\/v2\/types\/page"}],"author":[{"embeddable":true,"href":"https:\/\/www.ekla.it\/de\/wp-json\/wp\/v2\/users\/1"}],"replies":[{"embeddable":true,"href":"https:\/\/www.ekla.it\/de\/wp-json\/wp\/v2\/comments?post=728"}],"version-history":[{"count":0,"href":"https:\/\/www.ekla.it\/de\/wp-json\/wp\/v2\/pages\/728\/revisions"}],"wp:attachment":[{"href":"https:\/\/www.ekla.it\/de\/wp-json\/wp\/v2\/media?parent=728"}],"curies":[{"name":"wp","href":"https:\/\/api.w.org\/{rel}","templated":true}]}}